{"id":1032,"date":"2020-01-02T09:49:43","date_gmt":"2020-01-02T09:49:43","guid":{"rendered":"https:\/\/www.toroid.ee\/privaatsuspoliitika\/"},"modified":"2025-05-10T09:53:00","modified_gmt":"2025-05-10T09:53:00","slug":"privaatsuspoliitika","status":"publish","type":"page","link":"https:\/\/toroid-designs.com\/et\/privaatsuspoliitika\/","title":{"rendered":"Privaatsuspoliitika"},"content":{"rendered":"\n<h1 class=\"wp-block-heading\">Privaatsuspoliitika<\/h1>\n\n\n\n<h2 class=\"wp-block-heading\">Kes me oleme<\/h2>\n\n\n\n<p>Meie veebiaadress on: http:\/\/www.toroid-designs.com.<\/p>\n\n\n\n<h2 class=\"wp-block-heading\">Milliseid isikuandmeid me kogume ja milleks<\/h2>\n\n\n\n<h3 class=\"wp-block-heading\">Kasutajaandmed<\/h3>\n\n\n\n<p>Kui kasutaja registreerib meie lehel konto, siis me s\u00e4ilitame k\u00f5ik registreerimise andmev\u00e4ljad ning registreerimise aja.<\/p>\n\n\n\n<h3 class=\"wp-block-heading\">Kliendi andmed<\/h3>\n\n\n\n<p>Kui k\u00fclastajad ostavad meie veebilehelt kaup, siis talletatakse k\u00f5ik arvelduse aakna andmev\u00e4ljad, t\u00e4iendavalt kasutaja IP-aadress ja brauseri kasutajaagent sp\u00e4mmimise tuvastamiseks. Samuti salvestatakse vastavad ajatemplid.<\/p>\n\n\n\n<h3 class=\"wp-block-heading\">Kommentaarid<\/h3>\n\n\n\n<p>Kui k\u00fclastajad j\u00e4tavad veebilehele kommentaare, siis kommenteerimise k\u00f5ik andmev\u00e4ljad salvestatakse koos IP-aadressi ja brauseri kasutajaagendiga sp\u00e4mmimise tuvastamiseks.<\/p>\n\n\n\n<h3 class=\"wp-block-heading\">Arvustused<\/h3>\n\n\n\n<p>Kui k\u00fclastajad j\u00e4tavad veebilehele toodete arvustusi, siis arvustuse k\u00f5ik andmev\u00e4ljad salvestatakse koos IP-aadressi ja brauseri kasutajaagendiga sp\u00e4mmimise tuvastamiseks.<\/p>\n\n\n\n<h3 class=\"wp-block-heading\">Failid<\/h3>\n\n\n\n<p>Kui k\u00fclastajad laevad meie lehele faile, siis me salvestame k\u00f5ik \u00fcleslaadimisiakna andmed, kasutaja IP-aadressi ja baruseria kasutajaagendi sp\u00e4mmi tuvastamiseks. \u00dclaslaetud faile ei jagata kolmandate osapooltega ilma \u00fcleslaadijaga varemalt kokku leppimata.<\/p>\n\n\n\n<h3 class=\"wp-block-heading\">Kontakti v\u00e4li<\/h3>\n\n\n\n<p>Kui k\u00fclastajad v\u00f5tavad meiega \u00fchendust l\u00e4bi kontaktiakna, siis me salvestame k\u00f5ik kantaktiakna andmed, kasutaja IP-aadressi ja baruseri kasutajaagendi sp\u00e4mmi tuvastamiseks.<\/p>\n\n\n\n<h3 class=\"wp-block-heading\">K\u00fcpsised<\/h3>\n\n\n\n<p>Kui sa j\u00e4tad meie veebilehele kommentaari, siis sa v\u00f5id salvestada oma nime, e-posti aadressi k\u00fcpsistes. See on teie mugavuseks, et te ei peaks k\u00f5iki andmeid uuesti sisestama, kui soovite j\u00e4tta veel m\u00f5ne kommentaari. K\u00fcpsised on kehtivad \u00fche aasta.<\/p>\n\n\n\n<p>Kui te k\u00fclastate meie sisselogimise lehte, siis me paigalda ajutise k\u00fcpsise saamaks aru, et kas teie brauser v\u00f5tab k\u00fcpsiseid vastu. K\u00fcpsis ei sisalda isikuandmeid ja kustutatakse kui te sulgete oma baruseri.<\/p>\n\n\n\n<p>Kui te logite meie lehele, siis genereeritakse m\u00f5ned k\u00fcpsised, mis salvestavad teie sisselogimise inforamtsiooni ja ekraani valikud. Sisselogimise k\u00fcpsised on kehtivad kaks p\u00e4eva ja ekraanivalikute k\u00fcpsised kehtivad \u00fche aasta. Kui te valite kasti &#8220;J\u00e4ta mind meelde&#8221;, siis teie sisselogimise andmed on kehtivad kaks n\u00e4dalat. Kui te logite oma kontolt v\u00e4lja, siis sisselogimise k\u00fcpsised kustutatakse.<\/p>\n\n\n\n<h3 class=\"wp-block-heading\">Google Remarketing<\/h3>\n\n\n\n<p>Veebileht kasutab &#8220;Google remarketing&#8221; tehnoloogiat. See v\u00f5imaldab meil n\u00e4data asjasse puutuvaid reklaame s\u00f5ltuvalt sellest, milliseid veebilehti te olete meie veebisaidil k\u00fclastanud. Reklaaimide n\u00e4itamine p\u00f5hineb k\u00fcpsistel. Need k\u00fcpsised ei salvesta isiklikke andmeid, ega identifitseeri teid isiklikult.<\/p>\n\n\n\n<p>Kui te ei soovi saada sihitatud reklaami, siis te v\u00f5ite k\u00f5psiste salvestamise v\u00e4lja l\u00fclitada v\u00f5i m\u00e4\u00e4rata, milliseid reklaame te n\u00e4ete (https:\/\/support.google.com\/accounts\/answer\/2662856?hl=en&amp;ref_topic=7188671). Google&#8217;l on enda andmekaitsepoliitika, mis on leitav: <a href=\"https:\/\/www.google.com\/intl\/en\/policies\/privacy\/\" target=\"_blank\" rel=\"noopener noreferrer\">https:\/\/www.google.com\/intl\/en\/policies\/privacy\/<\/a>.<\/p>\n\n\n\n<h3 class=\"wp-block-heading\">Facebook Pixel<\/h3>\n\n\n\n<p>Veebileht v\u00f5ib aeg-ajalt kasutada Facebook reklaamiteenust. See teenus v\u00f5imaldab meie veebilehel aru saada ning edastada reklaame tehes neid teie jaoks asjakohasemaks. Kogutud andmed j\u00e4\u00e4vad anon\u00fc\u00fcmseks ning meie ei n\u00e4e \u00fchegi \u00fcksikisiku andmeid.<\/p>\n\n\n\n<p>Sellegipoolest andmed kogutakse ja t\u00f6\u00f6deldakse Facebook&#8217;i poolt. Facebook v\u00f5ib teie andmed \u00fchendada teie Facebooki kontoga ning kasutada andmeid nende endi huvides reklaamiks (vastavalt Facebooki andmekasutuse reeglitele, mis on leitavad: https:\/\/www.facebook.com\/about\/privacy\/). <\/p>\n\n\n\n<p>Facebooki k\u00fcpsiste poliitika on leitav: https:\/\/www.facebook.com\/policies\/cookies\/<\/p>\n\n\n\n<h3 class=\"wp-block-heading\">Teistelt veebiliehtedelt manustatud sisu.<\/h3>\n\n\n\n<p>Selle veebilehe lehed v\u00f5ivad sisaldada manustatud sisu (n\u00e4it. videod, pildid, artiklid jne.). Teistelt lehtedelt manustatud sisu k\u00e4itub t\u00e4pselt sama moodi nagu k\u00fclastades seda teist lehte.<\/p>\n\n\n\n<p>These websites may collect data about you, use cookies, embed additional third-party tracking, and monitor your interaction with that embedded content, including tracking your interaction with the embedded content if you have an account and are logged in to that website.<\/p>\n\n\n\n<h3 class=\"wp-block-heading\">Anal\u00fc\u00fctika<\/h3>\n\n\n\n<p>Me kasutame &#8220;Google Analytics&#8221; oma veebilehe statistiliseks anal\u00fc\u00fcsiks, veebilehe interaktsioonideks ja teekondadeks l\u00e4bi veebilehe hindamaks aj arendamaks meie veebilehte. Andmed, mida jagatakse &#8220;Google Analytics &#8220;rakendusega on anon\u00fc\u00fcmsed. T\u00e4psemalt, kuidas Google vastavaid andmeid kasutab, saab lugeda siit: <a href=\"https:\/\/policies.google.com\/privacy\/google-partners\" target=\"_blank\" rel=\"noopener\">https:\/\/policies.google.com\/privacy\/google-partners<\/a><\/p>\n\n\n\n<h2 class=\"wp-block-heading\">Kellega me andmeid jagame<\/h2>\n\n\n\n<p>Pakide teieni toimetamiseks jagame teie andmeid pakkide vedasmisteenust osutava ettev\u00f5ttega.<\/p>\n\n\n\n<p>Kui te kasutate arveldamiseks PayPal teenust, siis me edastame <a href=\"https:\/\/www.paypal.com\" target=\"_blank\" rel=\"noreferrer noopener\" aria-label=\"PayPal (opens in a new tab)\">PayPal&#8217;<\/a>ile teie isiku ja ostuandmed.<\/p>\n\n\n\n<h2 class=\"wp-block-heading\">Kaua me teie andmeid talletame<\/h2>\n\n\n\n<p>Kui te kirjutate kommentaari, siis kommentaar koos metaandmetega talletatakse igavesti. See on selleks, et me tunneksime ja saaksime automaatselt kinnitada j\u00e4rgnevad kommentaarid ilma, et need ootaksid modereerimise j\u00e4rjekorras.<\/p>\n\n\n\n<p>Kui te kirjutate toote arvustuse, siis arvustus koos metaandmetega talletatakse igavesti. See on selleks, et me tunneksime ja saaksime automaatselt kinnitada j\u00e4rgnevad arvustused ilma, et need ootaksid modereerimise j\u00e4rjekorras.<\/p>\n\n\n\n<p>Kasutajakonto andmed salvestatakse neil, kes registreerivad konto meie veebilehel. K\u00f5ik konto kasutajad n\u00e4evad, saavad muuta ja kustutada nende isiklikke andmeid igal ajal (v. a. oma kasutajanime ei saa nad muuta). Veebilehe adminisrtaatorid n\u00e4evad ja saavad samuti neid andmeid redigeerida.<\/p>\n\n\n\n<h2 class=\"wp-block-heading\">\u00d5igused enda andmete \u00fcle<\/h2>\n\n\n\n<p>Kui teil on sellel veebilehel konto, olete kirjutanud kommentaare v\u00f5i toodete arvustusi, siis te v\u00f5ite k\u00fcsida meil salvestatud oma andmete kohta v\u00e4ljav\u00f5ttefaili. Samuti v\u00f5ite paluda meil k\u00f5ik teieda seotud andmed kustutada. Viimane ei h\u00f5lma andmeid, mida me oleme kohustatud hoidma administratiivsetel, juriidilistel v\u00f5i turvalisuse kaalutlustel.<\/p>\n\n\n\n<h2 class=\"wp-block-heading\">Kuhu me teie andmeid saadame<\/h2>\n\n\n\n<p>K\u00fclastajate kommentaarid v\u00f5i toodete arvustused v\u00f5idakse l\u00e4bi vaadata automaatse sp\u00e4mmi tuvastamise teenuse.<\/p>\n","protected":false},"excerpt":{"rendered":"<p>Privaatsuspoliitika Kes me oleme Meie veebiaadress on: http:\/\/www.toroid-designs.com. Milliseid isikuandmeid me kogume ja milleks Kasutajaandmed Kui kasutaja registreerib meie lehel konto, siis me s\u00e4ilitame k\u00f5ik registreerimise andmev\u00e4ljad ning registreerimise aja. Kliendi andmed Kui k\u00fclastajad ostavad meie veebilehelt kaup, siis talletatakse k\u00f5ik arvelduse aakna andmev\u00e4ljad, t\u00e4iendavalt kasutaja IP-aadress ja brauseri kasutajaagent sp\u00e4mmimise tuvastamiseks. Samuti salvestatakse vastavad [&hellip;]<\/p>\n","protected":false},"author":50,"featured_media":0,"parent":0,"menu_order":0,"comment_status":"closed","ping_status":"open","template":"","meta":{"footnotes":""},"class_list":["post-1032","page","type-page","status-publish","hentry"],"_links":{"self":[{"href":"https:\/\/toroid-designs.com\/et\/wp-json\/wp\/v2\/pages\/1032","targetHints":{"allow":["GET"]}}],"collection":[{"href":"https:\/\/toroid-designs.com\/et\/wp-json\/wp\/v2\/pages"}],"about":[{"href":"https:\/\/toroid-designs.com\/et\/wp-json\/wp\/v2\/types\/page"}],"author":[{"embeddable":true,"href":"https:\/\/toroid-designs.com\/et\/wp-json\/wp\/v2\/users\/50"}],"replies":[{"embeddable":true,"href":"https:\/\/toroid-designs.com\/et\/wp-json\/wp\/v2\/comments?post=1032"}],"version-history":[{"count":4,"href":"https:\/\/toroid-designs.com\/et\/wp-json\/wp\/v2\/pages\/1032\/revisions"}],"predecessor-version":[{"id":4670,"href":"https:\/\/toroid-designs.com\/et\/wp-json\/wp\/v2\/pages\/1032\/revisions\/4670"}],"wp:attachment":[{"href":"https:\/\/toroid-designs.com\/et\/wp-json\/wp\/v2\/media?parent=1032"}],"curies":[{"name":"wp","href":"https:\/\/api.w.org\/{rel}","templated":true}]}}