{"id":726,"date":"2019-12-26T10:53:01","date_gmt":"2019-12-26T10:53:01","guid":{"rendered":"https:\/\/www.toroid.ee\/tingimused\/"},"modified":"2025-06-26T14:18:07","modified_gmt":"2025-06-26T14:18:07","slug":"tingimused","status":"publish","type":"page","link":"https:\/\/toroid-designs.com\/et\/tingimused\/","title":{"rendered":"Tingimused"},"content":{"rendered":"\n<h1 class=\"wp-block-heading\">Tingimused<\/h1>\n\n\n\n<p><strong>N\u00f5ustudes meie tingimustega kinnitate, et olete teadlik meie <a href=\"https:\/\/toroid-designs.com\/et\/privaatsuspoliitika\/\" target=\"_blank\" rel=\"noopener noreferrer\">privaatsuspoliitikast<\/a> ja n\u00f5ustute sellega.<\/strong><\/p>\n\n\n\n<h2 class=\"wp-block-heading\">M\u00fc\u00fcgilepingu kehtivus, kauba- ja hinnainfo<\/h2>\n\n\n\n<p>M\u00fc\u00fcgitingimused kehtivad veebipoest <a href=\"https:\/\/www.toroid-designs.com\">www.toroid-designs.com<\/a> (edaspidi Veebipood) kaupade ostmisel.<\/p>\n\n\n\n<p>Veebipoes m\u00fc\u00fcdavate toodete hinnad on m\u00e4rgitud toodete juurde. Hinnale lisandub tasu kauba k\u00e4ttetoimetamise eest.<\/p>\n\n\n\n<p>Kauba k\u00e4ttetoimetamise tasu s\u00f5ltub ostja asukohast ning valitud k\u00e4ttetoimetamise viisist. L\u00f5plik hind koos saatmisega kuvatakse tellimuse vormistamisel.<\/p>\n\n\n\n<p>Teave kauba kohta on esitatud Veebipoes vahetult toote juures.<\/p>\n\n\n\n<h2 class=\"wp-block-heading\">Tellimuse vormistamine<\/h2>\n\n\n\n<p>Tellimiseks lisage soovitud tooted ostukorvi. Seej\u00e4rel t\u00e4itke vajalikud andmev\u00e4ljad ja valige sobiv tarneviis. Tasu saab tasuda panga\u00fclekandega v\u00f5i muu makseviisiga.<\/p>\n\n\n\n<p>Kui valite makseviisiks panga\u00fclekande, saadetakse makseinfo ostja e-posti aadressile.<\/p>\n\n\n\n<p>Leping loetakse s\u00f5lmituks, kui tasumisele kuuluv summa on laekunud Veebipoe arvelduskontole.<\/p>\n\n\n\n<p>Kui tellitud kaupa ei ole v\u00f5imalik tarnida (nt toode on otsas), teavitatakse ostjat esimesel v\u00f5imalusel ning tasutud raha (sh tarnekulud) tagastatakse hiljemalt 14 p\u00e4eva jooksul.<\/p>\n\n\n\n<h2 class=\"wp-block-heading\">Kohaletoimetamine<\/h2>\n\n\n\n<p>Tellimused t\u00f6\u00f6deldakse ja antakse postiteenuse pakkujale \u00fcle <strong>1\u20133 t\u00f6\u00f6p\u00e4eva jooksul<\/strong>.<\/p>\n\n\n\n<p>Allpool toodud tarneajad kehtivad <strong>alates paki postitamisest<\/strong>, mitte tellimuse esitamise hetkest.<\/p>\n\n\n\n<p>Tarnekulud j\u00e4\u00e4vad ostja kanda ning need kuvatakse valitud saatmisviisi juures.<\/p>\n\n\n\n<p>Tarned on saadaval \u00fcle kogu maailma. Saatmiskulu s\u00f5ltub sihtriigist ja valitud saatmisviisist ning kuvatakse ostukorvis enne tellimuse esitamist.<\/p>\n\n\n\n<p>Pakume j\u00e4rgmisi rahvusvahelisi saatmisv\u00f5imalusi:<\/p>\n\n\n\n<ul class=\"wp-block-list\">\n<li><strong>Economy (partially tracked)<\/strong>\u2013 eeldatav tarneaeg <strong>6\u201331 t\u00f6\u00f6p\u00e4eva<\/strong><\/li>\n\n\n\n<li><strong>Standard (<strong>tracked<\/strong>)<\/strong> \u2013 eeldatav tarneaeg <strong>6\u201320 t\u00f6\u00f6p\u00e4eva<\/strong><\/li>\n\n\n\n<li><strong>Courier (<strong>tracked<\/strong>)<\/strong> \u2013 eeldatav tarneaeg <strong>5\u201313 t\u00f6\u00f6p\u00e4eva<\/strong><\/li>\n<\/ul>\n\n\n\n<p>K\u00f5ik saadetised on <strong>j\u00e4lgitavad<\/strong> ja tarnitakse <strong>allkirja vastu<\/strong>.<\/p>\n\n\n\n<p>\u26a0\ufe0f Tarneajad on hinnangulised ning v\u00f5ivad s\u00f5ltuda sihtriigi <strong>tolliformaalsustest<\/strong> ja <strong>kohaliku postiteenuse t\u00f6\u00f6korraldusest<\/strong>.<\/p>\n\n\n\n<p>Enamus saadetisi j\u00f5uab kohale eeldatava aja jooksul, kuid harvadel juhtudel v\u00f5ib tarne v\u00f5tta kauem aega. Kui saadetis ei ole kohale j\u00f5udnud <strong>45 kalendrip\u00e4eva jooksul alates postitamisest<\/strong>, palume meiega \u00fchendust v\u00f5tta.<\/p>\n\n\n\n<h2 class=\"wp-block-heading\">Tagastused ja garantiid<\/h2>\n\n\n\n<p>K\u00f5ik tagastusi, garantiisid ja defektiga toodete k\u00e4sitlemist puudutavad tingimused on esitatud meie <a href=\"https:\/\/toroid-designs.com\/et\/tagastuspoliitika\/\" target=\"_blank\" rel=\"noreferrer noopener\">tagastuspoliitikas<\/a>.<\/p>\n\n\n\n<h2 class=\"wp-block-heading\">Otseturustus ja isikuandmete t\u00f6\u00f6tlemine<\/h2>\n\n\n\n<p>Veebipood kasutab ostja poolt sisestatud isikuandmeid (nimi, telefon, aadress, e-post, pangarekvisiidid) ainult tellimuse t\u00e4itmiseks ja kauba kohaletoimetamiseks. Isikuandmeid edastatakse ainult tarneettev\u00f5ttele.<\/p>\n\n\n\n<p>Uudiskirju ega reklaampakkumisi ei saadeta automaatselt ostja e-posti aadressile.<\/p>\n\n\n\n<p><strong>T\u00e4psem info isikuandmete t\u00f6\u00f6tlemise kohta on leitav <a href=\"https:\/\/toroid-designs.com\/et\/privaatsuspoliitika\/\" target=\"_blank\" rel=\"noopener noreferrer\">privaatsuspoliitikast<\/a>.<\/strong><\/p>\n\n\n\n<h2 class=\"wp-block-heading\">Vaidluste lahendamine<\/h2>\n\n\n\n<p>Kui ostjal on pretensioone, palume p\u00f6\u00f6rduda e-posti v\u00f5i telefoni teel meie poole. Kontaktinfo on toodud kodulehe jaluses.<\/p>\n\n\n\n<p>Kui kokkulepet ei saavutata, on ostjal \u00f5igus p\u00f6\u00f6rduda Tarbijavaidluste komisjoni poole (<a href=\"http:\/\/www.komisjon.ee\/\" target=\"_blank\" rel=\"noopener noreferrer\">komisjon.ee<\/a>). Menetlus on tasuta.<\/p>\n\n\n\n<p>Ostja v\u00f5ib p\u00f6\u00f6rduda ka Euroopa Liidu veebip\u00f5hise vaidluste lahendamise platvormi kaudu: <a href=\"http:\/\/ec.europa.eu\/consumers\/odr\/\" target=\"_blank\" rel=\"noopener noreferrer\">ec.europa.eu\/consumers\/odr\/<\/a>.<\/p>\n\n\n\n<h2 class=\"wp-block-heading\">Veebipoe www.toroid-designs.com omanik<\/h2>\n\n\n\n<p>Ettev\u00f5tte nimi: TOROID O\u00dc<br>Registrikood: 14773600<br>KMKR nr: Ei ole k\u00e4ibemaksukohuslane kuni seadusest tuleneva piirm\u00e4\u00e4ra t\u00e4itumiseni<br>Juriidiline aadress: Lepiku, Vaimoisa, Raplamaa, 78205, Eesti<\/p>\n","protected":false},"excerpt":{"rendered":"<p>Tingimused N\u00f5ustudes meie tingimustega kinnitate, et olete teadlik meie privaatsuspoliitikast ja n\u00f5ustute sellega. M\u00fc\u00fcgilepingu kehtivus, kauba- ja hinnainfo M\u00fc\u00fcgitingimused kehtivad veebipoest www.toroid-designs.com (edaspidi Veebipood) kaupade ostmisel. Veebipoes m\u00fc\u00fcdavate toodete hinnad on m\u00e4rgitud toodete juurde. Hinnale lisandub tasu kauba k\u00e4ttetoimetamise eest. Kauba k\u00e4ttetoimetamise tasu s\u00f5ltub ostja asukohast ning valitud k\u00e4ttetoimetamise viisist. L\u00f5plik hind koos saatmisega kuvatakse [&hellip;]<\/p>\n","protected":false},"author":50,"featured_media":0,"parent":0,"menu_order":0,"comment_status":"closed","ping_status":"closed","template":"","meta":{"footnotes":""},"class_list":["post-726","page","type-page","status-publish","hentry"],"_links":{"self":[{"href":"https:\/\/toroid-designs.com\/et\/wp-json\/wp\/v2\/pages\/726","targetHints":{"allow":["GET"]}}],"collection":[{"href":"https:\/\/toroid-designs.com\/et\/wp-json\/wp\/v2\/pages"}],"about":[{"href":"https:\/\/toroid-designs.com\/et\/wp-json\/wp\/v2\/types\/page"}],"author":[{"embeddable":true,"href":"https:\/\/toroid-designs.com\/et\/wp-json\/wp\/v2\/users\/50"}],"replies":[{"embeddable":true,"href":"https:\/\/toroid-designs.com\/et\/wp-json\/wp\/v2\/comments?post=726"}],"version-history":[{"count":6,"href":"https:\/\/toroid-designs.com\/et\/wp-json\/wp\/v2\/pages\/726\/revisions"}],"predecessor-version":[{"id":4741,"href":"https:\/\/toroid-designs.com\/et\/wp-json\/wp\/v2\/pages\/726\/revisions\/4741"}],"wp:attachment":[{"href":"https:\/\/toroid-designs.com\/et\/wp-json\/wp\/v2\/media?parent=726"}],"curies":[{"name":"wp","href":"https:\/\/api.w.org\/{rel}","templated":true}]}}