{"id":1386,"date":"2020-01-09T17:37:19","date_gmt":"2020-01-09T17:37:19","guid":{"rendered":"https:\/\/www.toroid.ee\/?post_type=product&#038;p=1386"},"modified":"2026-04-13T18:36:02","modified_gmt":"2026-04-13T18:36:02","slug":"kaiguhoova-kumm","status":"publish","type":"product","link":"https:\/\/toroid-designs.com\/et\/gasgas-et\/kaiguhoova-kumm\/","title":{"rendered":"K\u00e4igukangi kumm V2"},"content":{"rendered":"<p>K\u00e4igukangi kumm tagab parema haarduvuse saapaga ja eriti just m\u00e4rgades ning lumistes tingimustes. T\u00e4nu kummile kuluvad ka saabas ja k\u00e4igukang v\u00e4hem.<\/p>\n<p>Sobib KTM ja Husqvarna enduro mootorratastele alates 2018 a v\u00f5i sarnase k\u00e4igukangiga ratastele.<\/p>\n<ul>\n<li>Mass: 9 g<\/li>\n<li>Materjal: termoplastiline uretaan<\/li>\n<\/ul>\n<h4>Paigaldamine<\/h4>\n<p>Puhasta k\u00e4igukangi hoob puhastusainega. M\u00e4\u00e4ri kummi siseseinad superliimiga kokku ning suru kumm k\u00e4igukangi otsa.<\/p>\n","protected":false},"excerpt":{"rendered":"<p>K\u00e4igukangi kumm tagab parema haarduvuse saapaga ja eriti just m\u00e4rgades ning lumistes tingimustes. T\u00e4nu kummile kuluvad ka saabas ja k\u00e4igukang v\u00e4hem.<\/p>\n","protected":false},"featured_media":2854,"comment_status":"open","ping_status":"closed","template":"","meta":[],"product_brand":[],"product_cat":[57,36,37],"product_tag":[],"class_list":{"0":"post-1386","1":"product","2":"type-product","3":"status-publish","4":"has-post-thumbnail","6":"product_cat-gasgas-et","7":"product_cat-husqvarna-et","8":"product_cat-ktm-et","10":"first","11":"instock","12":"taxable","13":"shipping-taxable","14":"purchasable","15":"product-type-variable"},"barcode":null,"atum_controlled":true,"out_stock_date":null,"out_stock_threshold":null,"inheritable":true,"stock_on_hold":0,"sold_today":0,"sales_last_days":1,"reserved_stock":0,"customer_returns":0,"warehouse_damage":0,"lost_in_post":0,"other_logs":0,"out_stock_days":0,"lost_sales":0,"update_date":"2026-04-22T00:11:49","atum_locations":[],"atum_stock_status":"instock","restock_status":false,"low_stock_amount":"","sales_update_date":"2026-04-22T00:11:49","calc_backorders":null,"wcpa_form_fields":null,"_links":{"self":[{"href":"https:\/\/toroid-designs.com\/et\/wp-json\/wp\/v2\/product\/1386","targetHints":{"allow":["GET"]}}],"collection":[{"href":"https:\/\/toroid-designs.com\/et\/wp-json\/wp\/v2\/product"}],"about":[{"href":"https:\/\/toroid-designs.com\/et\/wp-json\/wp\/v2\/types\/product"}],"replies":[{"embeddable":true,"href":"https:\/\/toroid-designs.com\/et\/wp-json\/wp\/v2\/comments?post=1386"}],"wp:featuredmedia":[{"embeddable":true,"href":"https:\/\/toroid-designs.com\/et\/wp-json\/wp\/v2\/media\/2854"}],"wp:attachment":[{"href":"https:\/\/toroid-designs.com\/et\/wp-json\/wp\/v2\/media?parent=1386"}],"wp:term":[{"taxonomy":"product_brand","embeddable":true,"href":"https:\/\/toroid-designs.com\/et\/wp-json\/wp\/v2\/product_brand?post=1386"},{"taxonomy":"product_cat","embeddable":true,"href":"https:\/\/toroid-designs.com\/et\/wp-json\/wp\/v2\/product_cat?post=1386"},{"taxonomy":"product_tag","embeddable":true,"href":"https:\/\/toroid-designs.com\/et\/wp-json\/wp\/v2\/product_tag?post=1386"}],"curies":[{"name":"wp","href":"https:\/\/api.w.org\/{rel}","templated":true}]}}