{"id":1408,"date":"2020-01-09T19:59:32","date_gmt":"2020-01-09T19:59:32","guid":{"rendered":"https:\/\/www.toroid.ee\/?post_type=product&#038;p=1408"},"modified":"2023-09-21T19:11:49","modified_gmt":"2023-09-21T19:11:49","slug":"esiratta-volli-haarats","status":"publish","type":"product","link":"https:\/\/toroid-designs.com\/et\/gasgas-et\/esiratta-volli-haarats\/","title":{"rendered":"Esiratta v\u00f5lli haarats"},"content":{"rendered":"<p>Esiratta v\u00f5lli haarats aitab esiratast kiiremine alt \u00e4ra v\u00f5tta. Haarats on elastne ning seet\u00f5ttu ei l\u00e4he ta k\u00f5veraks ega purune kergesti.<\/p>\n<p>Sobib KTM ja Husqvarna mootorratastele alates 2018 aastast v\u00f5i nendega sarnasele rattale. Disainitud 22mm diameetriga v\u00f5lli avasse.<\/p>\n<ul>\n<li>Diameeter 22 mm<\/li>\n<li>Mass: 9 g<\/li>\n<li>Materjal: termoplastiline uretaan<\/li>\n<\/ul>\n<h4>Paigaldamine<\/h4>\n<p>Eemalda v\u00f5llilt originaal kork. Puhasta v\u00f5lli ava puhastuainega. Pane haaratsi v\u00f5lli minevale osale superliimi ja l\u00f6\u00f6 haamriga haarats v\u00f5lli. P\u00fchi \u00fcleliigne liim \u00e4ra.<\/p>\n","protected":false},"excerpt":{"rendered":"<p>Esiratta v\u00f5lli haarats aitab esiratast kiiremine alt \u00e4ra v\u00f5tta. Haarats on elastne ning seet\u00f5ttu ei l\u00e4he ta k\u00f5veraks ega purune kergesti.<\/p>\n","protected":false},"featured_media":1435,"comment_status":"closed","ping_status":"closed","template":"","meta":[],"product_brand":[],"product_cat":[57,36,37],"product_tag":[],"class_list":{"0":"post-1408","1":"product","2":"type-product","3":"status-publish","4":"has-post-thumbnail","6":"product_cat-gasgas-et","7":"product_cat-husqvarna-et","8":"product_cat-ktm-et","10":"first","11":"outofstock","12":"taxable","13":"shipping-taxable","14":"purchasable","15":"product-type-variable"},"barcode":null,"atum_controlled":true,"out_stock_date":null,"out_stock_threshold":null,"inheritable":true,"stock_on_hold":0,"sold_today":0,"sales_last_days":0,"reserved_stock":0,"customer_returns":0,"warehouse_damage":0,"lost_in_post":0,"other_logs":0,"out_stock_days":0,"lost_sales":0,"update_date":"2026-04-20T00:02:59","atum_locations":[],"atum_stock_status":"outofstock","restock_status":false,"low_stock_amount":"","sales_update_date":"2026-04-20T00:02:59","calc_backorders":null,"wcpa_form_fields":null,"_links":{"self":[{"href":"https:\/\/toroid-designs.com\/et\/wp-json\/wp\/v2\/product\/1408","targetHints":{"allow":["GET"]}}],"collection":[{"href":"https:\/\/toroid-designs.com\/et\/wp-json\/wp\/v2\/product"}],"about":[{"href":"https:\/\/toroid-designs.com\/et\/wp-json\/wp\/v2\/types\/product"}],"replies":[{"embeddable":true,"href":"https:\/\/toroid-designs.com\/et\/wp-json\/wp\/v2\/comments?post=1408"}],"wp:featuredmedia":[{"embeddable":true,"href":"https:\/\/toroid-designs.com\/et\/wp-json\/wp\/v2\/media\/1435"}],"wp:attachment":[{"href":"https:\/\/toroid-designs.com\/et\/wp-json\/wp\/v2\/media?parent=1408"}],"wp:term":[{"taxonomy":"product_brand","embeddable":true,"href":"https:\/\/toroid-designs.com\/et\/wp-json\/wp\/v2\/product_brand?post=1408"},{"taxonomy":"product_cat","embeddable":true,"href":"https:\/\/toroid-designs.com\/et\/wp-json\/wp\/v2\/product_cat?post=1408"},{"taxonomy":"product_tag","embeddable":true,"href":"https:\/\/toroid-designs.com\/et\/wp-json\/wp\/v2\/product_tag?post=1408"}],"curies":[{"name":"wp","href":"https:\/\/api.w.org\/{rel}","templated":true}]}}