{"id":2483,"date":"2020-05-07T12:20:13","date_gmt":"2020-05-07T12:20:13","guid":{"rendered":"https:\/\/www.toroid.ee\/?post_type=product&#038;p=2483"},"modified":"2024-09-14T15:07:59","modified_gmt":"2024-09-14T15:07:59","slug":"suruohupustoli-adapter-veljele","status":"publish","type":"product","link":"https:\/\/toroid-designs.com\/et\/beta-et\/suruohupustoli-adapter-veljele\/","title":{"rendered":"Suru\u00f5hup\u00fcstoli adapter veljele"},"content":{"rendered":"<p>Suru\u00f5hup\u00fcstoli adapter aitab rehvi veljele puhuda kui <em>mousse<\/em>&#8217;i kasutatakse. Adapter aitab p\u00fcstolit nurga all hoida ja suleb tihedalt veljes oleva ventiili ava.<\/p>\n<p>Sobib suru\u00f5hup\u00fcstolitele mille toru diameeter on 5,5-6 mm ja velje ventiili ava 8,5-9 mm.<\/p>\n<ul>\n<li>Materjal: termoplastiline uretaan<\/li>\n<\/ul>\n<h4>Paigaldamine<\/h4>\n<p>Pressi suru\u00f5hup\u00fcstoli toru adapteri avasse nii nagu on n\u00e4ga piltidel ja aseta adapter velje ventiili avasse.<\/p>\n","protected":false},"excerpt":{"rendered":"<p>Suru\u00f5hup\u00fcstoli adapter veljele aitab rehvi paremini veljele puhuda.<\/p>\n","protected":false},"featured_media":2487,"comment_status":"open","ping_status":"closed","template":"","meta":[],"product_brand":[],"product_cat":[56,57,36,37],"product_tag":[],"class_list":{"0":"post-2483","1":"product","2":"type-product","3":"status-publish","4":"has-post-thumbnail","6":"product_cat-beta-et","7":"product_cat-gasgas-et","8":"product_cat-husqvarna-et","9":"product_cat-ktm-et","11":"first","12":"instock","13":"taxable","14":"shipping-taxable","15":"purchasable","16":"product-type-simple"},"barcode":null,"atum_controlled":true,"out_stock_date":null,"out_stock_threshold":null,"inheritable":false,"stock_on_hold":0,"sold_today":0,"sales_last_days":0,"reserved_stock":0,"customer_returns":0,"warehouse_damage":0,"lost_in_post":0,"other_logs":0,"out_stock_days":0,"lost_sales":0,"update_date":"2026-04-20T00:03:00","atum_locations":[],"atum_stock_status":"instock","restock_status":false,"low_stock_amount":"","sales_update_date":"2026-04-20T00:03:00","calc_backorders":null,"wcpa_form_fields":null,"_links":{"self":[{"href":"https:\/\/toroid-designs.com\/et\/wp-json\/wp\/v2\/product\/2483","targetHints":{"allow":["GET"]}}],"collection":[{"href":"https:\/\/toroid-designs.com\/et\/wp-json\/wp\/v2\/product"}],"about":[{"href":"https:\/\/toroid-designs.com\/et\/wp-json\/wp\/v2\/types\/product"}],"replies":[{"embeddable":true,"href":"https:\/\/toroid-designs.com\/et\/wp-json\/wp\/v2\/comments?post=2483"}],"wp:featuredmedia":[{"embeddable":true,"href":"https:\/\/toroid-designs.com\/et\/wp-json\/wp\/v2\/media\/2487"}],"wp:attachment":[{"href":"https:\/\/toroid-designs.com\/et\/wp-json\/wp\/v2\/media?parent=2483"}],"wp:term":[{"taxonomy":"product_brand","embeddable":true,"href":"https:\/\/toroid-designs.com\/et\/wp-json\/wp\/v2\/product_brand?post=2483"},{"taxonomy":"product_cat","embeddable":true,"href":"https:\/\/toroid-designs.com\/et\/wp-json\/wp\/v2\/product_cat?post=2483"},{"taxonomy":"product_tag","embeddable":true,"href":"https:\/\/toroid-designs.com\/et\/wp-json\/wp\/v2\/product_tag?post=2483"}],"curies":[{"name":"wp","href":"https:\/\/api.w.org\/{rel}","templated":true}]}}