{"id":2940,"date":"2021-07-22T13:18:22","date_gmt":"2021-07-22T13:18:22","guid":{"rendered":"https:\/\/www.toroid.ee\/?post_type=product&#038;p=2940"},"modified":"2026-03-08T18:23:12","modified_gmt":"2026-03-08T18:23:12","slug":"gaasitrossi-kaitse-v3","status":"publish","type":"product","link":"https:\/\/toroid-designs.com\/et\/gasgas-et\/gaasitrossi-kaitse-v3\/","title":{"rendered":"Gaasitrossi ja korpuse kaitse V3"},"content":{"rendered":"<p><strong>Uuendus: V3.7 on lihtsamini paigaldatav.<\/strong><\/p>\n<p><iframe loading=\"lazy\" title=\"Throttle cable and casing protector\" width=\"980\" height=\"551\" src=\"https:\/\/www.youtube.com\/embed\/JOp-Xrf5ItU?feature=oembed\" frameborder=\"0\" allow=\"accelerometer; autoplay; clipboard-write; encrypted-media; gyroscope; picture-in-picture; web-share\" allowfullscreen><\/iframe><\/p>\n<p>Gaasitrossi kaitse summutab l\u00f6\u00f6ke, mis v\u00f5ivad purustada trossi r\u00fc\u00fc v\u00f5i alumiiniumkorpuse.<\/p>\n<p>Sobib KTM-i, Husqvarna ja GASGAS TPI 2-taktistele mootorratastele.<br \/>\nSobib KTM-i ja Husqvarna 4-taktistele mootorratastele alates 2015 (gaasirulli korpuse detaili nr 79002010025), sobib samuti GASGAS-i 4 taktistele mootorratastele 2021 aastast.<\/p>\n<ul>\n<li>Mass: 40 g<\/li>\n<li>Materjal: termoplastiline uretaan<\/li>\n<\/ul>\n<h4>Paigaldamine<\/h4>\n<p>Puhasta gaasitrossi originaal kummikate. Aseta kaitse originaal kummikattele nii, et kaitse avatud osa on suunatud gaasitrosside poole ning l\u00f5ike osa alla poole. T\u00f5mba kate laiali ja venita koostu peale nii nagu piltidel. Paigalda kaabliside kaitsme \u00f5\u00f5nsusesse ja pinguta. Vajadusel\u00a0 muuda gaasirulli korpuse nurka nii, et oleks mugavam katet peale venitada.<\/p>\n","protected":false},"excerpt":{"rendered":"<p>Kaitse summutab l\u00f6\u00f6ke gaasirulli mehhanismile, mis v\u00f5ivad p\u00f5hjustada gaasitrossi r\u00fc\u00fc v\u00f5i alumiiniumkorpuse purunemist.<\/p>\n","protected":false},"featured_media":2950,"comment_status":"closed","ping_status":"closed","template":"","meta":[],"product_brand":[],"product_cat":[57,36,37],"product_tag":[],"class_list":{"0":"post-2940","1":"product","2":"type-product","3":"status-publish","4":"has-post-thumbnail","6":"product_cat-gasgas-et","7":"product_cat-husqvarna-et","8":"product_cat-ktm-et","10":"first","11":"instock","12":"taxable","13":"shipping-taxable","14":"purchasable","15":"product-type-variable"},"barcode":null,"atum_controlled":true,"out_stock_date":null,"out_stock_threshold":null,"inheritable":true,"stock_on_hold":0,"sold_today":0,"sales_last_days":0,"reserved_stock":0,"customer_returns":0,"warehouse_damage":0,"lost_in_post":0,"other_logs":0,"out_stock_days":0,"lost_sales":0,"update_date":"2025-11-25T02:22:08","atum_locations":[],"atum_stock_status":"instock","restock_status":true,"low_stock_amount":"","sales_update_date":"2025-11-25T02:22:07","calc_backorders":null,"wcpa_form_fields":null,"_links":{"self":[{"href":"https:\/\/toroid-designs.com\/et\/wp-json\/wp\/v2\/product\/2940","targetHints":{"allow":["GET"]}}],"collection":[{"href":"https:\/\/toroid-designs.com\/et\/wp-json\/wp\/v2\/product"}],"about":[{"href":"https:\/\/toroid-designs.com\/et\/wp-json\/wp\/v2\/types\/product"}],"replies":[{"embeddable":true,"href":"https:\/\/toroid-designs.com\/et\/wp-json\/wp\/v2\/comments?post=2940"}],"wp:featuredmedia":[{"embeddable":true,"href":"https:\/\/toroid-designs.com\/et\/wp-json\/wp\/v2\/media\/2950"}],"wp:attachment":[{"href":"https:\/\/toroid-designs.com\/et\/wp-json\/wp\/v2\/media?parent=2940"}],"wp:term":[{"taxonomy":"product_brand","embeddable":true,"href":"https:\/\/toroid-designs.com\/et\/wp-json\/wp\/v2\/product_brand?post=2940"},{"taxonomy":"product_cat","embeddable":true,"href":"https:\/\/toroid-designs.com\/et\/wp-json\/wp\/v2\/product_cat?post=2940"},{"taxonomy":"product_tag","embeddable":true,"href":"https:\/\/toroid-designs.com\/et\/wp-json\/wp\/v2\/product_tag?post=2940"}],"curies":[{"name":"wp","href":"https:\/\/api.w.org\/{rel}","templated":true}]}}