{"id":3037,"date":"2021-11-19T07:55:59","date_gmt":"2021-11-19T07:56:00","guid":{"rendered":"https:\/\/www.toroid.ee\/?post_type=product&#038;p=3037"},"modified":"2024-11-14T12:27:27","modified_gmt":"2024-11-14T12:27:27","slug":"brembo-siduripumba-kate","status":"publish","type":"product","link":"https:\/\/toroid-designs.com\/et\/ktm-et\/brembo-siduripumba-kate\/","title":{"rendered":"Brebmo siduripumba kate"},"content":{"rendered":"<p>Brebmo siduripumba kate kaitseb reservi kaant teravate l\u00f6\u00f6kide eest.<\/p>\n<p>Sobib KTM motokrossi ja enduuro mootorratastele alates 2014 aastast.<br \/>\nSaab paigaldada koos kummist tolmukatetega v\u00f5i originaal k\u00e4ekaitsmetega.<\/p>\n<ul>\n<li>Mass: 20 g<\/li>\n<li>Materjal: termoplastiline uretaan<\/li>\n<\/ul>\n<h4>Paigaldamine<\/h4>\n<p>Paigalda kaabliside katte \u00f5\u00f5nsusest l\u00e4bi, paigalda kate reservuaarile ning pinguta kaabliside.<\/p>\n","protected":false},"excerpt":{"rendered":"<p>Brebmo siduripumba kate kaitseb siduri reservuaari l\u00f6\u00f6kide eest ja seda on lihtne paigaldada.<\/p>\n","protected":false},"featured_media":3132,"comment_status":"closed","ping_status":"closed","template":"","meta":[],"product_brand":[],"product_cat":[37,79],"product_tag":[],"class_list":{"0":"post-3037","1":"product","2":"type-product","3":"status-publish","4":"has-post-thumbnail","6":"product_cat-ktm-et","7":"product_cat-tm-racing-et","9":"first","10":"instock","11":"taxable","12":"shipping-taxable","13":"purchasable","14":"product-type-variable","15":"has-default-attributes"},"barcode":null,"atum_controlled":true,"out_stock_date":null,"out_stock_threshold":null,"inheritable":true,"stock_on_hold":0,"sold_today":0,"sales_last_days":0,"reserved_stock":0,"customer_returns":0,"warehouse_damage":0,"lost_in_post":0,"other_logs":0,"out_stock_days":0,"lost_sales":0,"update_date":"2025-11-25T02:22:04","atum_locations":[],"atum_stock_status":"instock","restock_status":false,"low_stock_amount":"","sales_update_date":"2025-11-25T02:22:04","calc_backorders":null,"wcpa_form_fields":null,"_links":{"self":[{"href":"https:\/\/toroid-designs.com\/et\/wp-json\/wp\/v2\/product\/3037","targetHints":{"allow":["GET"]}}],"collection":[{"href":"https:\/\/toroid-designs.com\/et\/wp-json\/wp\/v2\/product"}],"about":[{"href":"https:\/\/toroid-designs.com\/et\/wp-json\/wp\/v2\/types\/product"}],"replies":[{"embeddable":true,"href":"https:\/\/toroid-designs.com\/et\/wp-json\/wp\/v2\/comments?post=3037"}],"wp:featuredmedia":[{"embeddable":true,"href":"https:\/\/toroid-designs.com\/et\/wp-json\/wp\/v2\/media\/3132"}],"wp:attachment":[{"href":"https:\/\/toroid-designs.com\/et\/wp-json\/wp\/v2\/media?parent=3037"}],"wp:term":[{"taxonomy":"product_brand","embeddable":true,"href":"https:\/\/toroid-designs.com\/et\/wp-json\/wp\/v2\/product_brand?post=3037"},{"taxonomy":"product_cat","embeddable":true,"href":"https:\/\/toroid-designs.com\/et\/wp-json\/wp\/v2\/product_cat?post=3037"},{"taxonomy":"product_tag","embeddable":true,"href":"https:\/\/toroid-designs.com\/et\/wp-json\/wp\/v2\/product_tag?post=3037"}],"curies":[{"name":"wp","href":"https:\/\/api.w.org\/{rel}","templated":true}]}}