{"id":3106,"date":"2022-04-15T15:32:49","date_gmt":"2022-04-15T15:32:49","guid":{"rendered":"https:\/\/www.toroid.ee\/?post_type=product&#038;p=3106"},"modified":"2022-12-03T19:41:01","modified_gmt":"2022-12-03T19:41:01","slug":"ventilaatori-kaitse","status":"publish","type":"product","link":"https:\/\/toroid-designs.com\/et\/gasgas-et\/ventilaatori-kaitse\/","title":{"rendered":"KTM ventilaatori kaitse"},"content":{"rendered":"<p>V\u00e4ga tugev ventilaatori kaitse, mis sobitub originaal ventilaatori peale. Kaitseb ventilaatori ribisid, mis kukkudes v\u00f5i radiaatori pihta l\u00f6\u00f6gi saades v\u00f5ivad kergesti katki minna (radiaator liigub taha poole ja ventilaator l\u00e4heb vastu bensiinipaaki).<br \/>\nKui ventilaatori ribid on purunenud, siis ventilaatori labad k\u00e4ivad vastu korpust ja kaitse p\u00f5leb l\u00e4bi; mis t\u00e4hendab, et ventilaator enam ei t\u00f6\u00f6ta.<\/p>\n<p><span class=\"d2edcug0 hpfvmrgz qv66sw1b c1et5uql lr9zc1uh a8c37x1j fe6kdd0r mau55g9w c8b282yb keod5gw0 nxhoafnm aigsh9s9 d3f4x2em iv3no6db jq4qci2q a3bd9o3v b1v8xokw oo9gr5id hzawbc8m\" dir=\"auto\">Ventilaatori kaitse hoiab mootori tsentris isegi siis kui ribid on katki. Testitud ja t\u00f6\u00f6tab h\u00e4sti.<br \/>\nMaterjaliks on karboniga tugevdatud nailon.<br \/>\n3 kinnituskruvi tulevad koos kaitsega.<\/span><\/p>\n<ul>\n<li>Mass: 55g<\/li>\n<li>Materjal: s\u00fcsinikkiuga tugevdatud nailon<\/li>\n<\/ul>\n<h4>Paigaldamine<\/h4>\n<p>Eemalda ventilaatori mootori kruvid. Paigalda kaitse ventilaatorile. Paigalda kaasas olevad kruvid.<\/p>\n","protected":false},"excerpt":{"rendered":"<p><span class=\"d2edcug0 hpfvmrgz qv66sw1b c1et5uql lr9zc1uh a8c37x1j fe6kdd0r mau55g9w c8b282yb keod5gw0 nxhoafnm aigsh9s9 d3f4x2em iv3no6db jq4qci2q a3bd9o3v b1v8xokw oo9gr5id hzawbc8m\" dir=\"auto\">V\u00e4ga tugev ventilaatori kaitse, mis toetab ventilaatorit kukkumise korral ning sobib katkiste ribidega ventilaatori parandamiseks.<\/span><\/p>\n","protected":false},"featured_media":3113,"comment_status":"open","ping_status":"closed","template":"","meta":[],"product_brand":[],"product_cat":[57,36,37],"product_tag":[],"class_list":{"0":"post-3106","1":"product","2":"type-product","3":"status-publish","4":"has-post-thumbnail","6":"product_cat-gasgas-et","7":"product_cat-husqvarna-et","8":"product_cat-ktm-et","10":"first","11":"instock","12":"taxable","13":"shipping-taxable","14":"purchasable","15":"product-type-simple"},"barcode":null,"atum_controlled":true,"out_stock_date":null,"out_stock_threshold":null,"inheritable":false,"stock_on_hold":0,"sold_today":0,"sales_last_days":0,"reserved_stock":null,"customer_returns":null,"warehouse_damage":null,"lost_in_post":null,"other_logs":null,"out_stock_days":0,"lost_sales":0,"update_date":"2025-11-25T02:22:04","atum_locations":[],"atum_stock_status":"instock","restock_status":false,"low_stock_amount":"","sales_update_date":"2025-11-25T02:22:04","calc_backorders":null,"wcpa_form_fields":null,"_links":{"self":[{"href":"https:\/\/toroid-designs.com\/et\/wp-json\/wp\/v2\/product\/3106","targetHints":{"allow":["GET"]}}],"collection":[{"href":"https:\/\/toroid-designs.com\/et\/wp-json\/wp\/v2\/product"}],"about":[{"href":"https:\/\/toroid-designs.com\/et\/wp-json\/wp\/v2\/types\/product"}],"replies":[{"embeddable":true,"href":"https:\/\/toroid-designs.com\/et\/wp-json\/wp\/v2\/comments?post=3106"}],"wp:featuredmedia":[{"embeddable":true,"href":"https:\/\/toroid-designs.com\/et\/wp-json\/wp\/v2\/media\/3113"}],"wp:attachment":[{"href":"https:\/\/toroid-designs.com\/et\/wp-json\/wp\/v2\/media?parent=3106"}],"wp:term":[{"taxonomy":"product_brand","embeddable":true,"href":"https:\/\/toroid-designs.com\/et\/wp-json\/wp\/v2\/product_brand?post=3106"},{"taxonomy":"product_cat","embeddable":true,"href":"https:\/\/toroid-designs.com\/et\/wp-json\/wp\/v2\/product_cat?post=3106"},{"taxonomy":"product_tag","embeddable":true,"href":"https:\/\/toroid-designs.com\/et\/wp-json\/wp\/v2\/product_tag?post=3106"}],"curies":[{"name":"wp","href":"https:\/\/api.w.org\/{rel}","templated":true}]}}