{"id":4565,"date":"2025-04-04T18:18:18","date_gmt":"2025-04-04T18:18:18","guid":{"rendered":"https:\/\/www.toroid.ee\/?post_type=product&#038;p=4565"},"modified":"2026-04-13T18:36:02","modified_gmt":"2026-04-13T18:36:02","slug":"gaasitrossi-kaitse-v2-copy","status":"publish","type":"product","link":"https:\/\/toroid-designs.com\/et\/gasgas-et\/gaasitrossi-kaitse-v2-copy\/","title":{"rendered":"Radiaatorikorgi v\u00f5ti"},"content":{"rendered":"<p>Lihtne ja kiire t\u00f6\u00f6riist KTM TBI mootorratta radiaatorikorgi eemaldamiseks. Tagab kindla haarde ega kahjusta korki.<\/p>\n<p><iframe loading=\"lazy\" title=\"Radiator Cap Remover for KTM\/Husqvarna TBI\" width=\"980\" height=\"551\" src=\"https:\/\/www.youtube.com\/embed\/DT3h14zvzhg?feature=oembed\" frameborder=\"0\" allow=\"accelerometer; autoplay; clipboard-write; encrypted-media; gyroscope; picture-in-picture; web-share\" referrerpolicy=\"strict-origin-when-cross-origin\" allowfullscreen><\/iframe><\/p>\n","protected":false},"excerpt":{"rendered":"<p>Kas radiaatorikorgi eemaldamine TBI mootorrattalt on t\u00fc\u00fctu? See kompaktne t\u00f6\u00f6riist on spetsiaalselt uut t\u00fc\u00fcpi radiaatorikorgi jaoks \u2013 tagades kindla haarde ja lihtsa eemaldamise isegi siis, kui kork on kuum v\u00f5i tugevalt kinni. Vastupidav, kerge ja asendamatu igas t\u00f6\u00f6riistakastis.<\/p>\n","protected":false},"featured_media":4569,"comment_status":"closed","ping_status":"closed","template":"","meta":[],"product_brand":[],"product_cat":[57,36,37],"product_tag":[],"class_list":{"0":"post-4565","1":"product","2":"type-product","3":"status-publish","4":"has-post-thumbnail","6":"product_cat-gasgas-et","7":"product_cat-husqvarna-et","8":"product_cat-ktm-et","10":"first","11":"instock","12":"taxable","13":"shipping-taxable","14":"purchasable","15":"product-type-variable"},"barcode":null,"atum_controlled":true,"out_stock_date":null,"out_stock_threshold":null,"inheritable":true,"stock_on_hold":0,"sold_today":0,"sales_last_days":0,"reserved_stock":0,"customer_returns":0,"warehouse_damage":0,"lost_in_post":0,"other_logs":0,"out_stock_days":0,"lost_sales":0,"update_date":"2025-11-25T02:22:05","atum_locations":[],"atum_stock_status":"instock","restock_status":false,"low_stock_amount":"","sales_update_date":"2025-11-25T02:22:05","calc_backorders":null,"wcpa_form_fields":null,"_links":{"self":[{"href":"https:\/\/toroid-designs.com\/et\/wp-json\/wp\/v2\/product\/4565","targetHints":{"allow":["GET"]}}],"collection":[{"href":"https:\/\/toroid-designs.com\/et\/wp-json\/wp\/v2\/product"}],"about":[{"href":"https:\/\/toroid-designs.com\/et\/wp-json\/wp\/v2\/types\/product"}],"replies":[{"embeddable":true,"href":"https:\/\/toroid-designs.com\/et\/wp-json\/wp\/v2\/comments?post=4565"}],"wp:featuredmedia":[{"embeddable":true,"href":"https:\/\/toroid-designs.com\/et\/wp-json\/wp\/v2\/media\/4569"}],"wp:attachment":[{"href":"https:\/\/toroid-designs.com\/et\/wp-json\/wp\/v2\/media?parent=4565"}],"wp:term":[{"taxonomy":"product_brand","embeddable":true,"href":"https:\/\/toroid-designs.com\/et\/wp-json\/wp\/v2\/product_brand?post=4565"},{"taxonomy":"product_cat","embeddable":true,"href":"https:\/\/toroid-designs.com\/et\/wp-json\/wp\/v2\/product_cat?post=4565"},{"taxonomy":"product_tag","embeddable":true,"href":"https:\/\/toroid-designs.com\/et\/wp-json\/wp\/v2\/product_tag?post=4565"}],"curies":[{"name":"wp","href":"https:\/\/api.w.org\/{rel}","templated":true}]}}