{"id":4598,"date":"2025-04-23T20:31:14","date_gmt":"2025-04-23T20:31:14","guid":{"rendered":"https:\/\/www.toroid.ee\/?post_type=product&#038;p=4598"},"modified":"2026-04-13T18:36:02","modified_gmt":"2026-04-13T18:36:02","slug":"olikorgi_tolmukate-ktm-husqvarna-gasgas-tbi-mootorratastele","status":"publish","type":"product","link":"https:\/\/toroid-designs.com\/et\/gasgas-et\/olikorgi_tolmukate-ktm-husqvarna-gasgas-tbi-mootorratastele\/","title":{"rendered":"\u00d5likorgi tolmukate KTM ja Husqvarna TBI mootorratastele"},"content":{"rendered":"<p><iframe loading=\"lazy\" title=\"Oil Cap Dust Sleeve for KTM and Husqvarna TBI Motorcycles\" width=\"980\" height=\"551\" src=\"https:\/\/www.youtube.com\/embed\/hCjDnbniRUs?feature=oembed\" frameborder=\"0\" allow=\"accelerometer; autoplay; clipboard-write; encrypted-media; gyroscope; picture-in-picture; web-share\" referrerpolicy=\"strict-origin-when-cross-origin\" allowfullscreen><\/iframe><\/p>\n<p>See tolmukate v\u00e4hendab tolmu sattumise riski \u00f5limahutisse, mis v\u00f5ib viia \u00f5lipumba rikkeni ja potentsiaalselt t\u00f5sise mootorikahjustuseni. Tolmukate kinnitub otse \u00f5likorgi k\u00fclge ja aitab hoida \u00fcmbruse puhtana.<\/p>\n<p>Palun pane t\u00e4hele:<\/p>\n<ul>\n<li>Tolmukate ei takista \u00f5lileket.<\/li>\n<li>See ei taga 100% kaitset mustuse v\u00f5i saaste vastu.<\/li>\n<\/ul>\n<p>K\u00fcll aga muudab see \u00f5likorgi \u00fcmbruse puhastamise oluliselt lihtsamaks ning aitab hoida korgi sisemuse puhtana. Tolmukattel on \u00f5husooned, mis on kaetud membraaniga. Vaakumtestiga on kinnitatud, et see ei piira \u00f5huvoolu \u00f5limahutisse.<\/p>\n<p><strong>Sobivus:<\/strong><br \/>\nKTM, Husqvarna ja GASGAS 2-taktilised TBI enduro mootorrattad (alates 2023. aastast).<\/p>\n<h4>Paigaldusjuhend<\/h4>\n<ol>\n<li>Suuna katte madalaim osa mootorratta esiosa poole.<br \/>\n<a href=\"https:\/\/toroid-designs.com\/wp-content\/uploads\/2025\/04\/TBI_oil_cap_dust_sleeve-2-150x150.jpg\"><img loading=\"lazy\" decoding=\"async\" class=\"alignnone wp-image-4620 size-thumbnail\" src=\"https:\/\/toroid-designs.com\/wp-content\/uploads\/2025\/04\/TBI_oil_cap_dust_sleeve-2-150x150.jpg\" alt=\"TBI_oil_cap_dust_sleeve\" width=\"150\" height=\"150\" srcset=\"https:\/\/toroid-designs.com\/wp-content\/uploads\/2025\/04\/TBI_oil_cap_dust_sleeve-2-150x150.jpg 150w, https:\/\/toroid-designs.com\/wp-content\/uploads\/2025\/04\/TBI_oil_cap_dust_sleeve-2-324x324.jpg 324w, https:\/\/toroid-designs.com\/wp-content\/uploads\/2025\/04\/TBI_oil_cap_dust_sleeve-2-100x100.jpg 100w, https:\/\/toroid-designs.com\/wp-content\/uploads\/2025\/04\/TBI_oil_cap_dust_sleeve-2-416x416.jpg 416w, https:\/\/toroid-designs.com\/wp-content\/uploads\/2025\/04\/TBI_oil_cap_dust_sleeve-2-300x300.jpg 300w, https:\/\/toroid-designs.com\/wp-content\/uploads\/2025\/04\/TBI_oil_cap_dust_sleeve-2-1024x1024.jpg 1024w, https:\/\/toroid-designs.com\/wp-content\/uploads\/2025\/04\/TBI_oil_cap_dust_sleeve-2-768x768.jpg 768w, https:\/\/toroid-designs.com\/wp-content\/uploads\/2025\/04\/TBI_oil_cap_dust_sleeve-2.jpg 1080w\" sizes=\"auto, (max-width: 150px) 100vw, 150px\" \/><\/a><\/li>\n<li>Venita tolmukate \u00fcle \u00f5likorgi nii, et korgi ja katte sooned oleksid joondatud.<\/li>\n<li>Suru tolmukate nii kaugele peale kui v\u00f5imalik.<\/li>\n<\/ol>\n","protected":false},"excerpt":{"rendered":"<p>\u00d5likorgi tolmukate on spetsiaalselt disainitud KTM ja Husqvarna TBI 2-taktilistele mootorratastele, et katta \u00f5likorgi alune t\u00fchimik ning aidata hoida \u00f5limahuti kael ja korgi sisemus puhtana.<\/p>\n","protected":false},"featured_media":4614,"comment_status":"closed","ping_status":"closed","template":"","meta":[],"product_brand":[],"product_cat":[57,36,37],"product_tag":[],"class_list":{"0":"post-4598","1":"product","2":"type-product","3":"status-publish","4":"has-post-thumbnail","6":"product_cat-gasgas-et","7":"product_cat-husqvarna-et","8":"product_cat-ktm-et","10":"first","11":"instock","12":"taxable","13":"shipping-taxable","14":"purchasable","15":"product-type-variable","16":"has-default-attributes"},"barcode":null,"atum_controlled":true,"out_stock_date":null,"out_stock_threshold":null,"inheritable":true,"stock_on_hold":0,"sold_today":0,"sales_last_days":0,"reserved_stock":0,"customer_returns":0,"warehouse_damage":0,"lost_in_post":0,"other_logs":0,"out_stock_days":0,"lost_sales":0,"update_date":"2026-04-22T00:11:48","atum_locations":[],"atum_stock_status":"instock","restock_status":false,"low_stock_amount":"","sales_update_date":"2026-04-22T00:11:48","calc_backorders":null,"wcpa_form_fields":null,"_links":{"self":[{"href":"https:\/\/toroid-designs.com\/et\/wp-json\/wp\/v2\/product\/4598","targetHints":{"allow":["GET"]}}],"collection":[{"href":"https:\/\/toroid-designs.com\/et\/wp-json\/wp\/v2\/product"}],"about":[{"href":"https:\/\/toroid-designs.com\/et\/wp-json\/wp\/v2\/types\/product"}],"replies":[{"embeddable":true,"href":"https:\/\/toroid-designs.com\/et\/wp-json\/wp\/v2\/comments?post=4598"}],"wp:featuredmedia":[{"embeddable":true,"href":"https:\/\/toroid-designs.com\/et\/wp-json\/wp\/v2\/media\/4614"}],"wp:attachment":[{"href":"https:\/\/toroid-designs.com\/et\/wp-json\/wp\/v2\/media?parent=4598"}],"wp:term":[{"taxonomy":"product_brand","embeddable":true,"href":"https:\/\/toroid-designs.com\/et\/wp-json\/wp\/v2\/product_brand?post=4598"},{"taxonomy":"product_cat","embeddable":true,"href":"https:\/\/toroid-designs.com\/et\/wp-json\/wp\/v2\/product_cat?post=4598"},{"taxonomy":"product_tag","embeddable":true,"href":"https:\/\/toroid-designs.com\/et\/wp-json\/wp\/v2\/product_tag?post=4598"}],"curies":[{"name":"wp","href":"https:\/\/api.w.org\/{rel}","templated":true}]}}